{"id":245,"date":"2019-09-17T15:50:49","date_gmt":"2019-09-17T13:50:49","guid":{"rendered":"https:\/\/www.taxi-agentur.de\/?page_id=245"},"modified":"2019-09-17T15:50:49","modified_gmt":"2019-09-17T13:50:49","slug":"neueste-beitraege","status":"publish","type":"page","link":"https:\/\/www.taxi-agentur.de\/index.php\/neueste-beitraege\/","title":{"rendered":"Neueste Beitr\u00e4ge"},"content":{"rendered":"<div id='Letzte_Beitr\u00e4ge' class='widgets_on_page wop_tiny1  wop_small1  wop_medium1  wop_large1  wop_wide1'>\n\t\t\t<ul>\n\t\t<li id=\"recent-posts-5\" class=\"widget widget_recent_entries\">\n\t\t<h2 class=\"widgettitle\">Neueste Beitr\u00e4ge<\/h2><nav aria-label=\"Neueste Beitr\u00e4ge\">\n\t\t<ul>\n\t\t\t\t\t\t\t\t\t\t\t<li>\n\t\t\t\t\t<a href=\"https:\/\/www.taxi-agentur.de\/index.php\/2020\/08\/15\/uber-wartet-in-london-auf-den-tag-der-abrechnung-waehrend-seine-konkurrenten-lauern\/\">Uber wartet in London auf den Tag der Abrechnung, w\u00e4hrend seine Konkurrenten lauern<\/a>\n\t\t\t\t\t\t\t\t\t\t\t<span class=\"post-date\">2020-08-15<\/span>\n\t\t\t\t\t\t\t\t\t<\/li>\n\t\t\t\t\t\t\t\t\t\t\t<li>\n\t\t\t\t\t<a href=\"https:\/\/www.taxi-agentur.de\/index.php\/2020\/08\/15\/drueben-wie-hueben-staedtische-behoerden-haetscheln-mietwagenpleitiers\/\">Dr\u00fcben wie h\u00fcben: St\u00e4dtische Beh\u00f6rden h\u00e4tscheln Mietwagenpleitiers<\/a>\n\t\t\t\t\t\t\t\t\t\t\t<span class=\"post-date\">2020-08-15<\/span>\n\t\t\t\t\t\t\t\t\t<\/li>\n\t\t\t\t\t\t\t\t\t\t\t<li>\n\t\t\t\t\t<a href=\"https:\/\/www.taxi-agentur.de\/index.php\/2020\/08\/12\/gi-joe-versucht-am-muenchener-flughafen-taxi-zu-klauen-scheitert-aber-am-automatikhebel\/\">GI Joe versucht am M\u00fcnchener Flughafen Taxi zu klauen; scheitert aber am Automatikhebel<\/a>\n\t\t\t\t\t\t\t\t\t\t\t<span class=\"post-date\">2020-08-12<\/span>\n\t\t\t\t\t\t\t\t\t<\/li>\n\t\t\t\t\t\t\t\t\t\t\t<li>\n\t\t\t\t\t<a href=\"https:\/\/www.taxi-agentur.de\/index.php\/2020\/08\/12\/hubert-horan-kann-uber-jemals-liefern-teil-dreiundzwanzig\/\">Hubert Horan: Kann Uber jemals liefern? Teil Dreiundzwanzig<\/a>\n\t\t\t\t\t\t\t\t\t\t\t<span class=\"post-date\">2020-08-12<\/span>\n\t\t\t\t\t\t\t\t\t<\/li>\n\t\t\t\t\t\t\t\t\t\t\t<li>\n\t\t\t\t\t<a href=\"https:\/\/www.taxi-agentur.de\/index.php\/2020\/08\/05\/clown-busters\/\">Clown Busters<\/a>\n\t\t\t\t\t\t\t\t\t\t\t<span class=\"post-date\">2020-08-05<\/span>\n\t\t\t\t\t\t\t\t\t<\/li>\n\t\t\t\t\t\t\t\t\t\t\t<li>\n\t\t\t\t\t<a href=\"https:\/\/www.taxi-agentur.de\/index.php\/2020\/08\/05\/wie-eine-deutsche-behoerde-einfach-nur-ihre-gesetzlich-vorgesehene-arbeit-tut\/\">Wie eine deutsche Beh\u00f6rde einfach nur ihre gesetzlich vorgesehene Arbeit tut&#8230;<\/a>\n\t\t\t\t\t\t\t\t\t\t\t<span class=\"post-date\">2020-08-05<\/span>\n\t\t\t\t\t\t\t\t\t<\/li>\n\t\t\t\t\t\t\t\t\t\t\t<li>\n\t\t\t\t\t<a href=\"https:\/\/www.taxi-agentur.de\/index.php\/2020\/08\/05\/uber-gibt-plan-zur-verlegung-des-asiatischen-hauptquartiers-nach-hongkong-auf\/\">Uber gibt Plan zur Verlegung des asiatischen Hauptquartiers nach Hongkong auf<\/a>\n\t\t\t\t\t\t\t\t\t\t\t<span class=\"post-date\">2020-08-05<\/span>\n\t\t\t\t\t\t\t\t\t<\/li>\n\t\t\t\t\t\t\t\t\t\t\t<li>\n\t\t\t\t\t<a href=\"https:\/\/www.taxi-agentur.de\/index.php\/2020\/07\/29\/carlos-rodriguez-spanien-uber-und-korruption-in-madrid\/\">Carlos Rodr\u00edguez &#8211; Spanien: Uber und Korruption in Madrid<\/a>\n\t\t\t\t\t\t\t\t\t\t\t<span class=\"post-date\">2020-07-29<\/span>\n\t\t\t\t\t\t\t\t\t<\/li>\n\t\t\t\t\t\t\t\t\t\t\t<li>\n\t\t\t\t\t<a href=\"https:\/\/www.taxi-agentur.de\/index.php\/2020\/07\/23\/uber-verliert-antrag-auf-blockierung-der-sammelklage-von-maurice-blackburn\/\">Uber verliert Antrag auf Abweisung der Sammelklage von Maurice Blackburn<\/a>\n\t\t\t\t\t\t\t\t\t\t\t<span class=\"post-date\">2020-07-23<\/span>\n\t\t\t\t\t\t\t\t\t<\/li>\n\t\t\t\t\t\t\t\t\t\t\t<li>\n\t\t\t\t\t<a href=\"https:\/\/www.taxi-agentur.de\/index.php\/2020\/07\/20\/pooling-was-ist-zu-erwarten-aus-nordamerikanischer-sicht-fuer-das-eu-abziehbild\/\">Pooling &#8211; Was ist zu erwarten aus nordamerikanischer Sicht? F\u00fcr das &#8222;EU&#8220;-Abziehbild?<\/a>\n\t\t\t\t\t\t\t\t\t\t\t<span class=\"post-date\">2020-07-20<\/span>\n\t\t\t\t\t\t\t\t\t<\/li>\n\t\t\t\t\t<\/ul>\n\n\t\t<\/nav><\/li><\/ul><\/div><!-- widgets_on_page -->\n","protected":false},"excerpt":{"rendered":"","protected":false},"author":4,"featured_media":0,"parent":0,"menu_order":0,"comment_status":"closed","ping_status":"closed","template":"","meta":{"site-sidebar-layout":"no-sidebar","site-content-layout":"default","ast-site-content-layout":"","site-content-style":"default","site-sidebar-style":"default","ast-global-header-display":"","ast-banner-title-visibility":"","ast-main-header-display":"","ast-hfb-above-header-display":"","ast-hfb-below-header-display":"","ast-hfb-mobile-header-display":"","site-post-title":"disabled","ast-breadcrumbs-content":"","ast-featured-img":"","footer-sml-layout":"","theme-transparent-header-meta":"default","adv-header-id-meta":"","stick-header-meta":"","header-above-stick-meta":"","header-main-stick-meta":"","header-below-stick-meta":"","astra-migrate-meta-layouts":"default","ast-page-background-enabled":"default","ast-page-background-meta":{"desktop":{"background-color":"","background-image":"","background-repeat":"repeat","background-position":"center center","background-size":"auto","background-attachment":"scroll","background-type":"","background-media":"","overlay-type":"","overlay-color":"","overlay-gradient":""},"tablet":{"background-color":"","background-image":"","background-repeat":"repeat","background-position":"center center","background-size":"auto","background-attachment":"scroll","background-type":"","background-media":"","overlay-type":"","overlay-color":"","overlay-gradient":""},"mobile":{"background-color":"","background-image":"","background-repeat":"repeat","background-position":"center center","background-size":"auto","background-attachment":"scroll","background-type":"","background-media":"","overlay-type":"","overlay-color":"","overlay-gradient":""}},"ast-content-background-meta":{"desktop":{"background-color":"var(--ast-global-color-5)","background-image":"","background-repeat":"repeat","background-position":"center center","background-size":"auto","background-attachment":"scroll","background-type":"","background-media":"","overlay-type":"","overlay-color":"","overlay-gradient":""},"tablet":{"background-color":"var(--ast-global-color-5)","background-image":"","background-repeat":"repeat","background-position":"center center","background-size":"auto","background-attachment":"scroll","background-type":"","background-media":"","overlay-type":"","overlay-color":"","overlay-gradient":""},"mobile":{"background-color":"var(--ast-global-color-5)","background-image":"","background-repeat":"repeat","background-position":"center center","background-size":"auto","background-attachment":"scroll","background-type":"","background-media":"","overlay-type":"","overlay-color":"","overlay-gradient":""}},"footnotes":""},"_links":{"self":[{"href":"https:\/\/www.taxi-agentur.de\/index.php\/wp-json\/wp\/v2\/pages\/245"}],"collection":[{"href":"https:\/\/www.taxi-agentur.de\/index.php\/wp-json\/wp\/v2\/pages"}],"about":[{"href":"https:\/\/www.taxi-agentur.de\/index.php\/wp-json\/wp\/v2\/types\/page"}],"author":[{"embeddable":true,"href":"https:\/\/www.taxi-agentur.de\/index.php\/wp-json\/wp\/v2\/users\/4"}],"replies":[{"embeddable":true,"href":"https:\/\/www.taxi-agentur.de\/index.php\/wp-json\/wp\/v2\/comments?post=245"}],"version-history":[{"count":1,"href":"https:\/\/www.taxi-agentur.de\/index.php\/wp-json\/wp\/v2\/pages\/245\/revisions"}],"predecessor-version":[{"id":246,"href":"https:\/\/www.taxi-agentur.de\/index.php\/wp-json\/wp\/v2\/pages\/245\/revisions\/246"}],"wp:attachment":[{"href":"https:\/\/www.taxi-agentur.de\/index.php\/wp-json\/wp\/v2\/media?parent=245"}],"curies":[{"name":"wp","href":"https:\/\/api.w.org\/{rel}","templated":true}]}}